{"id":26,"date":"2015-07-08T15:46:26","date_gmt":"2015-07-08T13:46:26","guid":{"rendered":"http:\/\/aignerbuzanich.com\/en\/?page_id=26"},"modified":"2019-01-17T15:58:55","modified_gmt":"2019-01-17T14:58:55","slug":"publikationen","status":"publish","type":"page","link":"http:\/\/aignerbuzanich.com\/en\/publikationen\/","title":{"rendered":"Publications"},"content":{"rendered":"<p>We are authors, co-authors or (co-)editors of the following books and articles in tax journals:<\/p>\n<ul class=\"pubnav pubnav_1\">\n<li><a href=\"http:\/\/aignerbuzanich.com\/en\/publikationen\/\">2019<\/a><\/li>\n<li><a href=\"#2017\">2017<\/a><\/li>\n<li><a href=\"#2016\">2016<\/a><\/li>\n<li><a href=\"#2015\">2015<\/a><\/li>\n<li><a href=\"#2014\">2014<\/a><\/li>\n<li><a href=\"#2013\">2013<\/a><\/li>\n<li><a href=\"#2012\">2012<\/a><\/li>\n<li><a href=\"#2011\">2011<\/a><\/li>\n<li><a href=\"#2010\">2010<\/a><\/li>\n<li><a href=\"#2009\">2009<\/a><\/li>\n<li><a href=\"#2008\">2008<\/a><\/li>\n<li><a href=\"#2007\">2007<\/a><\/li>\n<li><a href=\"#2006\">2006<\/a><\/li>\n<li><a href=\"#2005\">2005<\/a><\/li>\n<li><a href=\"#2004\">2004<\/a><\/li>\n<li><a href=\"#2003\">2003<\/a><\/li>\n<li><a href=\"#2002\">2002<\/a><\/li>\n<li><a href=\"#2001\">2001<\/a><\/li>\n<li><a href=\"#2000\">2000<\/a><\/li>\n<\/ul>\n<h3 id=\"2016\">2019<\/h3>\n<ul>\n<li><strong>Vor Art 10 bis 12,<\/strong> in Aigner\/Kofler\/Tumpel (eds), DBA Kommentar, 2nd edition, 2019.<\/li>\n<li><strong>Art 11,<\/strong> in Aigner\/Kofler\/Tumpel (eds), DBA Kommentar, 2nd edition, 2019.<\/li>\n<li><strong>Art 12,<\/strong> in Aigner\/Kofler\/Tumpel (eds), DBA Kommentar, 2nd edition, 2019.<\/li>\n<\/ul>\n<h3 id=\"2017\">2017<\/h3>\n<ul>\n<li><strong>Corporate Governance (I, II and III)<\/strong><b> <\/b>CFO aktuell 2017, 113 et seq, 148 et seq and 193 et seq.<\/li>\n<li><strong>Corporate Governance<\/strong><b> <\/b>SWK 2017, 942 et seq.<\/li>\n<li><strong>Krisen- und Sanierungsmanagement,<\/strong> Linde Verlag, 2017.<\/li>\n<\/ul>\n<h3 id=\"2016\">2016<\/h3>\n<ul>\n<li><strong>Vor Art 10 bis 12,<\/strong> in Aigner\/Kofler\/Tumpel (eds), DBA Kommentar, 2016.<\/li>\n<li><strong>Art 11,<\/strong> in Aigner\/Kofler\/Tumpel (eds), DBA Kommentar, 2016.<\/li>\n<li><strong>Art 12,<\/strong> in Aigner\/Kofler\/Tumpel (eds), DBA Kommentar, 2016.<\/li>\n<\/ul>\n<h3 id=\"2015\">2015<\/h3>\n<ul>\n<li><strong>Bloomberg BNA, Business Operations in Austria,<\/strong> Tax Management Portfolio (7020-1st T.M.).<\/li>\n<li><strong>VwGH best\u00e4tigt Formfreiheit von Sponsorvereinbarungen,<\/strong>\u00a0SWK 2015, 1412-1414.<\/li>\n<li><strong>Austrian Tax Treatment of Additional Tier 1 Instruments,<\/strong> Tax Notes Int\u2019l, March 9, 2015, p. 887-888.<\/li>\n<\/ul>\n<h3 id=\"2014\">2014<\/h3>\n<ul>\n<li><strong>Einf\u00fchrung in das \u00f6sterreichische Investmentrecht,<\/strong> in Jesch\/Klebeck\/Dobrauz (eds) Investmentrecht, 2014, p. 693-734.<\/li>\n<li><strong>VwGH verneint Einkommensteuerpflicht von DOC-Stipendium der Akademie der Wissenschaften,<\/strong> SWK 2014, S 1251-1253.<\/li>\n<li><strong>KESt-Entlastung bei Dividendenaussch\u00fcttung an alternative Investmentfonds in der EU,<\/strong> SWK 2014, S 517-523.<\/li>\n<\/ul>\n<h3 id=\"2013\">2013<\/h3>\n<ul>\n<li><strong>Changes Ahead for Austrian Private Equity Investors,<\/strong> Tax Notes Int\u2019l, November 25, 2013, p. 757-760.<\/li>\n<li><strong>Wertpapierleihe und Pensionsgesch\u00e4ft,<\/strong> in Lechner\/Mayr\/Tumpel (eds) Handbuch der Besteuerung von Kapitalverm\u00f6gen, 2013, 279-318.<\/li>\n<\/ul>\n<h3 id=\"2012\">2012<\/h3>\n<ul>\n<li><strong>PLC Tax on Corporate Transactions: Austria, 2012.<\/strong><\/li>\n<li><strong>IBFD, VAT in Europe, Austria, until 2012.<\/strong><\/li>\n<\/ul>\n<h3 id=\"2011\">2011<\/h3>\n<ul>\n<li><strong>Nutzungs- und Leistungseinlagen in Kapitalgesellschaften,<\/strong> in Achatz\/Aigner\/Kofler\/Tumpel (eds) Praxisfragen der Unternehmensbesteuerung, 2011, 159-172.<\/li>\n<li><strong>PLC Tax on Corporate Transactions: Austria, 2011.<\/strong><\/li>\n<\/ul>\n<h3 id=\"2010\">2010<\/h3>\n<ul>\n<li><strong>IBFD, Europe, Taxation of Individuals, Austria, ongoing.<\/strong><\/li>\n<\/ul>\n<h3 id=\"2009\">2009<\/h3>\n<ul>\n<li><strong>Verschmelzung des Gruppentr\u00e4gers auf eine gruppenfremde Gesellschaft,<\/strong> SWK 2009, S 801-804.<\/li>\n<li><strong>Wirtschaftliches Eigentum bei Wertpapierleihe und Pensionsgesch\u00e4ft,<\/strong> SWK 2009, S 45-47.<\/li>\n<li><strong>Bloomberg BNA, Business Operations in Austria,<\/strong> Tax management portfolios (portfolio 952-2nd).<\/li>\n<\/ul>\n<h3 id=\"2008\">2008<\/h3>\n<ul>\n<li><strong>Die bilanzsteuerliche Behandlung des Credit Default Swap,<\/strong> SWK 2008, S 803-805.<\/li>\n<li><strong>Krisen- und Sanierungsmanagement,<\/strong> Linde Verlag, 2008.<\/li>\n<\/ul>\n<h3 id=\"2007\">2007<\/h3>\n<ul>\n<li><strong>Kanadische Entscheidung zum Missbrauchsvorbehalt der Doppelbesteuerungsabkommen,<\/strong> Steuer und Wirtschaft International, 2007, 31-35.<\/li>\n<\/ul>\n<h3 id=\"2006\">2006<\/h3>\n<ul>\n<li><strong>Die handels- und steurrechtliche Behandlung der Wandlungs- und Optionspr\u00e4mie bei Nichtaus\u00fcbung von Wandel- und Optionsrechten,<\/strong> Recht der Wirtschaft, 2006, 111 et seq.<\/li>\n<\/ul>\n<h3 id=\"2005\">2005<\/h3>\n<ul>\n<li><strong>Der Gleichheitsgrundsatz und die abkommensrechtliche Verteilung der Besteuerungsrechte,<\/strong> in Gassner\/Lang\/Schuch\/Staringer (eds.) Die Verteilung der Besteuerungsrechte zwischen Ans\u00e4ssigkeits- und Quellenstaat im Recht der Doppelbesteuerungsabkommen, 2005, 169-191.<\/li>\n<li><strong>Reorganizations in US Tax Law,<\/strong> in Achatz\/Aigner\/Kofler\/Tumpel (eds) Internationale Umgr\u00fcndungen, 2005, 395-469.<\/li>\n<li><strong>Realteilung,<\/strong> in Achatz\/Aigner\/Kofler\/Tumpel (eds) Internationale Umgr\u00fcndungen, 2005, 101-129.<\/li>\n<li><strong>Co-editor of Source versus Residence in International Tax Law,<\/strong> Linde Verlag, 2005.<\/li>\n<\/ul>\n<h3 id=\"2004\">2004<\/h3>\n<ul>\n<li><strong>Hinzurechnungsbesteuerung und DBA-Recht,<\/strong> Linde Verlag, 2004.<\/li>\n<li><strong>Die kaufm\u00e4nnische oder technische Beratung im Inland und die Gestellung von Arbeitskr\u00e4ften zur inl\u00e4ndischen Arbeitsaus\u00fcbung,<\/strong> in Gassner\/Lang\/Lechner\/Schuch\/Staringer (eds) Die beschr\u00e4nkte Einkommen- und K\u00f6rperschaftsteuerpflicht, 2004, 164-184.<\/li>\n<li><strong>A Comparison between the U.S. and OECD Approaches to Hybrid Entities,<\/strong> Tax Notes International, October 4, 2004, 71-94.<\/li>\n<li><strong>Die abkommensrechtlichen Rahmenbedingungen f\u00fcr eine internationale Konzernbesteuerung,<\/strong> Steuer und Wirtschaft International 2004, 187-199.<\/li>\n<li><strong>Beschr\u00e4nkte Steuerpflicht f\u00fcr passive Investments in den USA: Dividenden, Zinsen und Lizenzgeb\u00fchren,<\/strong> SWI 2004, 398-408.<\/li>\n<li><strong>Grundlagen der beschr\u00e4nkten Steuerpflicht in den USA,<\/strong> SWI 2004, 257-264.<\/li>\n<li><strong>Co-Editor of CFC Legislation &#8211; Domestic Provisions, Tax Treaties and EC Law,<\/strong> Kluwer Law International, 2004.<\/li>\n<li><strong>General Report,<\/strong> in: Lang\/Aigner\/Scheuerle\/Stefaner (eds) CFC Legislation &#8211; Domestic Provisions, Tax Treaties and EC Law, 2004, 13 et seq.<\/li>\n<\/ul>\n<h3 id=\"2003\">2003<\/h3>\n<ul>\n<li><strong>Einbringung eines freiberuflichen Teilbetriebes,<\/strong> Verlag \u00d6sterreich, 2003.<\/li>\n<li><strong>Co-Editor of Permanent Establishments in International Tax Law,<\/strong> Schriftenreihe Internationales Steuerrecht, Nr. 29, Linde Verlag, 2003.<\/li>\n<li><strong>Der Gesellschafter-Gesch\u00e4ftsf\u00fchrer im DBA-Recht,<\/strong> in: Gassner\/Lang\/Lechner\/Schuch\/Staringer (eds) Arbeitnehmer im Recht der Doppelbesteuerungsabkommen, 2003, 89-106.<\/li>\n<li><strong>Abzugsf\u00e4higkeit von Aus- und Fortbildungsaufwendungen in Deutschland und \u00d6sterreich,<\/strong> SWK 2003, 314-317.<\/li>\n<li><strong>\u00c4nderungen bei internationalen Schachtelbeteiligungen durch das \u00f6sterreichisch Budgetbegleitgesetz 2003,<\/strong> IWB 2003, Fach 5, Gruppe 2, 587-592.<\/li>\n<li><strong>Besteuerung von Kapitalertr\u00e4gen nach dem Budgetbegleitgesetz 2003,<\/strong> IWB 2003, Fach 5, Gruppe 2, 593 et seq.<\/li>\n<li><strong>Die verdeckte Gewinnaussch\u00fcttung im DBA-Recht,<\/strong> IStR, 2003, 154-157.<\/li>\n<li><strong>Neuordnung der Besteuerung von Kapitalertr\u00e4gen durch das Budgetbegleitgesetz 2003,<\/strong> ecolex 2003, 480-484.<\/li>\n<li><strong>Progressionsvorbehalt und Steuerabsetzbetr\u00e4ge &#8211; ein EU Problem,<\/strong> Steuer und Wirtschaft International, 2003, 539-543.<\/li>\n<li><strong>Wegzugsbesteuerung verst\u00f6\u00dft gegen Grundfreiheiten,<\/strong> GeS Aktuell 2003, 254-258.<\/li>\n<\/ul>\n<h3 id=\"2002\">2002<\/h3>\n<ul>\n<li><strong>Qualifikationskonflikte bei Personengesellschaften im ErbSt-MA,<\/strong> in Aigner et al (eds) Erbschaftsteuern und Doppelbesteuerungsabkommen, 2002, 103-124.<\/li>\n<li><strong>CFC-Gesetzgebung und DBA-Recht,<\/strong> Steuer und Wirtschaft International, 2002, 407-414.<\/li>\n<li><strong>Die Abkommensberechtigung bei Anwendung von CFC-Gesetzgebungen,<\/strong> IWB 20\/2002, Fach 10, Gruppe 2, 1637-1640.<\/li>\n<li><strong>Die Halbsatzbeg\u00fcnstigung des \u00a7 37 Abs 5 EStG bei Ver\u00e4u\u00dferungsgewinnen aus Kommanditanteilen,<\/strong> SWK 2002, 809-815.<\/li>\n<li><strong>Durchschnittssteuersatz f\u00fcr Progressionsvorbehalt und Anrechnungsmethode bei Eink\u00fcnften aus Mitgliedsstaaten,<\/strong> Steuer und Wirtschaft International, 2002, 467-472.<\/li>\n<li><strong>EuGH zur Einbringung nach Art 9. Fusionsrichtlinie,<\/strong> Steuer und Wirtschaft International, 2002, 259-265.<\/li>\n<li><strong>Gemeinschaftsrechtliche Fragen der \u00dcberf\u00fchrung von Wirtschaftsg\u00fctern und der Wegzugsbesteuerung,<\/strong> \u00d6StZ, 2002\/696, 398-403.<\/li>\n<\/ul>\n<h3 id=\"2001\">2001<\/h3>\n<ul>\n<li><strong>Der Hinzurechnungsbetrag nach \u00a7 3 AStG-E,<\/strong> in Gassner\/Lang\/Lechner (eds.) Der Entwurf eines \u00f6sterreichischen Au\u00dfensteuergesetztes, 2001, 117-140.<\/li>\n<li><strong>BNA, Business Operations in Austria,<\/strong> Tax management portfolios (portfolio 952).<\/li>\n<li><strong>Die Bedeutung des Begriffs &#8216;Personengesellschaft&#8217; in Art. 10 Abs. 2 lit. a OECD-MA,<\/strong> Steuer und Wirtschaft international, 2001, 121-126.<\/li>\n<li><strong>Austria overhauls its tax regime,<\/strong> International Tax Review, 01 April 2001.<\/li>\n<li><strong>IBFD, Guide to European Taxation Vol VI, Taxation of Individuals in Europe, Austria, until 2009.<\/strong><\/li>\n<li><strong>Nutzungseinlagen in Kapitalgesellschaften,<\/strong> SWK 2001, 850-858.<\/li>\n<li><strong>Taxation of Gains from the Alienation of a Partnership Interest under the OECD Model,<\/strong> Bulletin for International Fiscal Documentation, 55, 12, 608-613.<\/li>\n<li><strong>Verm\u00f6gen bei einer Einbringung nach Art. 9 Fusionsrichtlinie,<\/strong> Steuer und Wirtschaft International, 2001, 173-179.<\/li>\n<\/ul>\n<h3 id=\"2000\">2000<\/h3>\n<ul>\n<li><strong>Die L\u00f6sung des OECD-Steuerausschusses f\u00fcr Qualifikationskonflikte bei Personengesellschaften,<\/strong> in: Gassner\/Lang\/Lechner (eds) Personengesellschaften im Recht der Doppelbesteuerungsabkommen, 2000, 47-67.<\/li>\n<li><strong>Abkommensverg\u00fcnstigungen f\u00fcr im Quellenstaat ans\u00e4ssige Gesellschafter von Personengesellschaften?,<\/strong> Steuer und Wirtschaft International, 2000, 308-312.<\/li>\n<li><strong>Entnahmen aus Personengesellschaften als &#8220;Dividenden&#8221;?,<\/strong> Steuer und Wirtschaft International, 2000, 254-258.<\/li>\n<li><strong>Wegfall einer internationalen Schachtelbeteiligung infolge einer Verschmelzung und \u00a7 10 Abs 3 KStG,<\/strong> Steuer und Wirtschaft International, 2000, 224-229.<\/li>\n<\/ul>\n","protected":false},"excerpt":{"rendered":"<p>We are authors, co-authors or (co-)editors of the following books and articles in tax journals: 2019 2017 2016 2015 2014 2013 2012 2011 2010 2009 2008 2007 2006 2005 2004 2003 2002 2001 2000 2019 Vor Art 10 bis 12, in Aigner\/Kofler\/Tumpel (eds), DBA Kommentar, 2nd edition, 2019. Art 11, in Aigner\/Kofler\/Tumpel (eds), DBA Kommentar, [&hellip;]<\/p>\n","protected":false},"author":5,"featured_media":0,"parent":0,"menu_order":0,"comment_status":"closed","ping_status":"open","template":"","meta":[],"_links":{"self":[{"href":"http:\/\/aignerbuzanich.com\/en\/wp-json\/wp\/v2\/pages\/26"}],"collection":[{"href":"http:\/\/aignerbuzanich.com\/en\/wp-json\/wp\/v2\/pages"}],"about":[{"href":"http:\/\/aignerbuzanich.com\/en\/wp-json\/wp\/v2\/types\/page"}],"author":[{"embeddable":true,"href":"http:\/\/aignerbuzanich.com\/en\/wp-json\/wp\/v2\/users\/5"}],"replies":[{"embeddable":true,"href":"http:\/\/aignerbuzanich.com\/en\/wp-json\/wp\/v2\/comments?post=26"}],"version-history":[{"count":24,"href":"http:\/\/aignerbuzanich.com\/en\/wp-json\/wp\/v2\/pages\/26\/revisions"}],"predecessor-version":[{"id":1049,"href":"http:\/\/aignerbuzanich.com\/en\/wp-json\/wp\/v2\/pages\/26\/revisions\/1049"}],"wp:attachment":[{"href":"http:\/\/aignerbuzanich.com\/en\/wp-json\/wp\/v2\/media?parent=26"}],"curies":[{"name":"wp","href":"https:\/\/api.w.org\/{rel}","templated":true}]}}